{"id":148,"date":"2019-10-22T07:16:43","date_gmt":"2019-10-22T05:16:43","guid":{"rendered":"https:\/\/crazyesport.govic.fr\/?page_id=148"},"modified":"2026-01-25T16:59:35","modified_gmt":"2026-01-25T15:59:35","slug":"le-club","status":"publish","type":"page","link":"https:\/\/www.crazy-esport.com\/en\/le-club\/","title":{"rendered":"Teams"},"content":{"rendered":"<p><div class=\"fusion-fullwidth fullwidth-box fusion-builder-row-1 fusion-flex-container fusion-parallax-none nonhundred-percent-fullwidth non-hundred-percent-height-scrolling\" style=\"--awb-border-radius-top-left:0px;--awb-border-radius-top-right:0px;--awb-border-radius-bottom-right:0px;--awb-border-radius-bottom-left:0px;--awb-padding-top:12%;--awb-padding-bottom:6%;--awb-padding-top-small:50.4875px;--awb-margin-top:-130px;--awb-margin-top-small:0px;--awb-background-image:url(&quot;https:\/\/www.crazy-esport.com\/wp-content\/uploads\/2023\/08\/photo-le-club.jpg&quot;);--awb-background-size:cover;--awb-flex-wrap:wrap;\" ><div class=\"fusion-builder-row fusion-row fusion-flex-align-items-flex-start fusion-flex-content-wrap\" style=\"max-width:calc( 1140px + 0px );margin-left: calc(-0px \/ 2 );margin-right: calc(-0px \/ 2 );\"><div class=\"fusion-layout-column fusion_builder_column fusion-builder-column-0 fusion_builder_column_1_1 1_1 fusion-flex-column fusion-animated\" style=\"--awb-bg-size:cover;--awb-width-large:100%;--awb-margin-top-large:0px;--awb-spacing-right-large:0px;--awb-margin-bottom-large:0px;--awb-spacing-left-large:0px;--awb-width-medium:100%;--awb-spacing-right-medium:0px;--awb-spacing-left-medium:0px;--awb-width-small:100%;--awb-spacing-right-small:0px;--awb-spacing-left-small:0px;\" data-animationtype=\"fadeInDown\" data-animationduration=\"0.9\" data-animationoffset=\"top-into-view\"><div class=\"fusion-column-wrapper fusion-column-has-shadow fusion-flex-justify-content-flex-start fusion-content-layout-column\"><div class=\"fusion-title title fusion-title-1 fusion-sep-none fusion-title-center fusion-title-text fusion-title-size-one\" style=\"--awb-text-color:#ffffff;--awb-margin-bottom:10px;--awb-margin-bottom-small:10px;--awb-font-size:90px;\"><h1 class=\"fusion-title-heading title-heading-center fusion-responsive-typography-calculated\" style=\"margin:0;font-size:1em;--fontSize:90;line-height:1.1;\">Teams<\/h1><\/div><div class=\"fusion-title title fusion-title-2 fusion-sep-none fusion-title-center fusion-title-text fusion-title-size-two\" style=\"--awb-text-color:#ffffff;--awb-margin-bottom:0px;--awb-margin-bottom-small:0px;--awb-font-size:21px;\"><h2 class=\"fusion-title-heading title-heading-center fusion-responsive-typography-calculated\" style=\"margin:0;font-size:1em;--fontSize:21;--minFontSize:21;line-height:1.5;\">#TEAM CRAZY ESPORT<\/h2><\/div><\/div><\/div><\/div><\/div><div class=\"fusion-fullwidth fullwidth-box fusion-builder-row-2 fusion-flex-container nonhundred-percent-fullwidth non-hundred-percent-height-scrolling\" style=\"--awb-background-position:left top;--awb-border-radius-top-left:0px;--awb-border-radius-top-right:0px;--awb-border-radius-bottom-right:0px;--awb-border-radius-bottom-left:0px;--awb-padding-top:6%;--awb-padding-bottom:2%;--awb-flex-wrap:wrap;\" ><div class=\"fusion-builder-row fusion-row fusion-flex-align-items-flex-start fusion-flex-content-wrap\" style=\"max-width:1185.6px;margin-left: calc(-4% \/ 2 );margin-right: calc(-4% \/ 2 );\"><div class=\"fusion-layout-column fusion_builder_column fusion-builder-column-1 fusion_builder_column_1_3 1_3 fusion-flex-column\" style=\"--awb-bg-size:cover;--awb-width-large:33.333333333333%;--awb-margin-top-large:0px;--awb-spacing-right-large:5.76%;--awb-margin-bottom-large:20px;--awb-spacing-left-large:5.76%;--awb-width-medium:100%;--awb-order-medium:0;--awb-spacing-right-medium:1.92%;--awb-spacing-left-medium:1.92%;--awb-width-small:100%;--awb-order-small:0;--awb-spacing-right-small:1.92%;--awb-spacing-left-small:1.92%;\"><div class=\"fusion-column-wrapper fusion-column-has-shadow fusion-flex-justify-content-flex-start fusion-content-layout-column\"><div class=\"fusion-image-element md-text-align-center\" style=\"--awb-caption-title-font-family:var(--h2_typography-font-family);--awb-caption-title-font-weight:var(--h2_typography-font-weight);--awb-caption-title-font-style:var(--h2_typography-font-style);--awb-caption-title-size:var(--h2_typography-font-size);--awb-caption-title-transform:var(--h2_typography-text-transform);--awb-caption-title-line-height:var(--h2_typography-line-height);--awb-caption-title-letter-spacing:var(--h2_typography-letter-spacing);\"><span class=\"fusion-imageframe imageframe-none imageframe-1 hover-type-none\"><img decoding=\"async\" width=\"670\" height=\"670\" title=\"crazy-esport-bretagne-joueurs-maillot\" src=\"https:\/\/www.crazy-esport.com\/wp-content\/uploads\/2023\/08\/crazy-esport-bretagne-joueurs-maillot.png\" alt class=\"img-responsive wp-image-34433\" srcset=\"https:\/\/www.crazy-esport.com\/wp-content\/uploads\/2023\/08\/crazy-esport-bretagne-joueurs-maillot-200x200.png 200w, https:\/\/www.crazy-esport.com\/wp-content\/uploads\/2023\/08\/crazy-esport-bretagne-joueurs-maillot-400x400.png 400w, https:\/\/www.crazy-esport.com\/wp-content\/uploads\/2023\/08\/crazy-esport-bretagne-joueurs-maillot-600x600.png 600w, https:\/\/www.crazy-esport.com\/wp-content\/uploads\/2023\/08\/crazy-esport-bretagne-joueurs-maillot.png 670w\" sizes=\"(max-width: 1024px) 100vw, (max-width: 640px) 100vw, 400px\" \/><\/span><\/div><\/div><\/div><div class=\"fusion-layout-column fusion_builder_column fusion-builder-column-2 fusion_builder_column_2_3 2_3 fusion-flex-column\" style=\"--awb-bg-size:cover;--awb-width-large:66.666666666667%;--awb-margin-top-large:0px;--awb-spacing-right-large:2.88%;--awb-margin-bottom-large:20px;--awb-spacing-left-large:2.88%;--awb-width-medium:100%;--awb-order-medium:0;--awb-spacing-right-medium:1.92%;--awb-spacing-left-medium:1.92%;--awb-width-small:100%;--awb-order-small:0;--awb-spacing-right-small:1.92%;--awb-spacing-left-small:1.92%;\"><div class=\"fusion-column-wrapper fusion-column-has-shadow fusion-flex-justify-content-flex-start fusion-content-layout-column\"><div class=\"fusion-title title fusion-title-3 fusion-sep-none fusion-title-text fusion-title-size-two\" style=\"--awb-margin-bottom:0px;--awb-margin-bottom-small:0px;\"><h2 class=\"fusion-title-heading title-heading-left fusion-responsive-typography-calculated\" style=\"margin:0;--fontSize:30;line-height:1.5;\">A PROPOS DU CLUB<\/h2><\/div><div class=\"fusion-separator fusion-full-width-sep\" style=\"align-self: center;margin-left: auto;margin-right: auto;margin-bottom:40px;width:100%;\"><\/div><div class=\"fusion-text fusion-text-1\" style=\"--awb-font-size:18px;--awb-text-color:#000000;\"><p>Cr\u00e9\u00e9e en 2014, La Crazy Esport est une association Fran\u00e7aise connue pour \u00e9volu\u00e9e dans le domaine de l\u2019Esport et plus particuli\u00e8rement dans les jeux de combat et de sport.<\/p>\n<p>Combinant plusieurs disciplines e-sportives, notre association tente de r\u00e9unir les meilleurs joueurs Bretons, Fran\u00e7ais et Internationaux pour \u00eatre sur le devant de la sc\u00e8ne des jeux \u00e9lectroniques .<\/p>\n<p>CRaZY Esport has grown thanks to the professionalism of its players, its staff and the innovation it has shown. The main objective is to identify talents, make them future stars of esports and launch their careers worldwide.<\/p>\n<\/div><\/div><\/div><\/div><\/div><div class=\"fusion-fullwidth fullwidth-box fusion-builder-row-3 fusion-flex-container nonhundred-percent-fullwidth non-hundred-percent-height-scrolling\" style=\"--link_hover_color: #ec4613;--awb-border-radius-top-left:0px;--awb-border-radius-top-right:0px;--awb-border-radius-bottom-right:0px;--awb-border-radius-bottom-left:0px;--awb-background-color:#ec4613;--awb-flex-wrap:wrap;\" ><div class=\"fusion-builder-row fusion-row fusion-flex-align-items-flex-start fusion-flex-content-wrap\" style=\"max-width:calc( 1140px + 0px );margin-left: calc(-0px \/ 2 );margin-right: calc(-0px \/ 2 );\"><div class=\"fusion-layout-column fusion_builder_column fusion-builder-column-3 fusion_builder_column_1_1 1_1 fusion-flex-column fusion-column-inner-bg-wrapper fusion-animated\" style=\"--awb-inner-bg-size:cover;--awb-width-large:100%;--awb-margin-top-large:0px;--awb-spacing-right-large:0px;--awb-margin-bottom-large:0px;--awb-spacing-left-large:0px;--awb-width-medium:100%;--awb-spacing-right-medium:0px;--awb-spacing-left-medium:0px;--awb-width-small:100%;--awb-spacing-right-small:0px;--awb-spacing-left-small:0px;\" data-animationtype=\"fadeInUp\" data-animationduration=\"0.9\" data-animationoffset=\"top-into-view\"><span class=\"fusion-column-inner-bg hover-type-none\"><a class=\"fusion-column-anchor\" href=\"https:\/\/www.crazy-esport.com\/contact\/\"><span class=\"fusion-column-inner-bg-image\"><\/span><\/a><\/span><div class=\"fusion-column-wrapper fusion-column-has-shadow fusion-flex-justify-content-flex-start fusion-content-layout-column\"><div class=\"fusion-title title fusion-title-4 fusion-sep-none fusion-title-center fusion-title-text fusion-title-size-three\" style=\"--awb-text-color:#ffffff;--awb-margin-top:20px;--awb-margin-top-small:20px;\"><h3 class=\"fusion-title-heading title-heading-center fusion-responsive-typography-calculated\" style=\"margin:0;--fontSize:20;--minFontSize:20;line-height:1.5;\">POUR TOUS RENSEIGNEMENTS, VEUILLEZ UTILISER NOTRE PAGE DE CONTACT<\/h3><\/div><\/div><\/div><\/div><\/div><\/p>","protected":false},"excerpt":{"rendered":"","protected":false},"author":1,"featured_media":0,"parent":0,"menu_order":0,"comment_status":"closed","ping_status":"closed","template":"100-width.php","meta":{"footnotes":""},"class_list":["post-148","page","type-page","status-publish","hentry"],"yoast_head":"<!-- This site is optimized with the Yoast SEO Premium plugin v25.5 (Yoast SEO v26.8) - https:\/\/yoast.com\/product\/yoast-seo-premium-wordpress\/ -->\n<title>Le Club - Crazy Esport<\/title>\n<meta name=\"robots\" content=\"index, follow, max-snippet:-1, max-image-preview:large, max-video-preview:-1\" \/>\n<link rel=\"canonical\" href=\"https:\/\/www.crazy-esport.com\/en\/le-club\/\" \/>\n<meta property=\"og:locale\" content=\"en_US\" \/>\n<meta property=\"og:type\" content=\"article\" \/>\n<meta property=\"og:title\" content=\"Le Club\" \/>\n<meta property=\"og:url\" content=\"https:\/\/www.crazy-esport.com\/en\/le-club\/\" \/>\n<meta property=\"og:site_name\" content=\"Crazy Esport\" \/>\n<meta property=\"article:publisher\" content=\"https:\/\/www.facebook.com\/CRaZYTeamEsport\/\" \/>\n<meta property=\"article:modified_time\" content=\"2026-01-25T15:59:35+00:00\" \/>\n<meta property=\"og:image\" content=\"https:\/\/www.crazy-esport.com\/wp-content\/uploads\/2022\/09\/crazy-esport-region-bretagne-vivez-esport.jpg\" \/>\n\t<meta property=\"og:image:width\" content=\"2560\" \/>\n\t<meta property=\"og:image:height\" content=\"1608\" \/>\n\t<meta property=\"og:image:type\" content=\"image\/jpeg\" \/>\n<meta name=\"twitter:card\" content=\"summary_large_image\" \/>\n<meta name=\"twitter:site\" content=\"@CRaZYEsports\" \/>\n<meta name=\"twitter:label1\" content=\"Est. reading time\" \/>\n\t<meta name=\"twitter:data1\" content=\"8 minutes\" \/>\n<script type=\"application\/ld+json\" class=\"yoast-schema-graph\">{\"@context\":\"https:\/\/schema.org\",\"@graph\":[{\"@type\":\"WebPage\",\"@id\":\"https:\/\/www.crazy-esport.com\/le-club\/\",\"url\":\"https:\/\/www.crazy-esport.com\/le-club\/\",\"name\":\"Le Club - Crazy Esport\",\"isPartOf\":{\"@id\":\"https:\/\/www.crazy-esport.com\/#website\"},\"datePublished\":\"2019-10-22T05:16:43+00:00\",\"dateModified\":\"2026-01-25T15:59:35+00:00\",\"breadcrumb\":{\"@id\":\"https:\/\/www.crazy-esport.com\/le-club\/#breadcrumb\"},\"inLanguage\":\"en-US\",\"potentialAction\":[{\"@type\":\"ReadAction\",\"target\":[\"https:\/\/www.crazy-esport.com\/le-club\/\"]}]},{\"@type\":\"BreadcrumbList\",\"@id\":\"https:\/\/www.crazy-esport.com\/le-club\/#breadcrumb\",\"itemListElement\":[{\"@type\":\"ListItem\",\"position\":1,\"name\":\"Home\",\"item\":\"https:\/\/www.crazy-esport.com\/\"},{\"@type\":\"ListItem\",\"position\":2,\"name\":\"Le Club\"}]},{\"@type\":\"WebSite\",\"@id\":\"https:\/\/www.crazy-esport.com\/#website\",\"url\":\"https:\/\/www.crazy-esport.com\/\",\"name\":\"Crazy Esport\",\"description\":\"La Crazy-esport est une association Fran\u00e7aise connue pour \u00e9volu\u00e9e dans le domaine de l\u2019Esport. Combinant plusieurs disciplines e-sportives, notre association tente de r\u00e9unir les meilleurs joueurs mondiaux pour \u00eatre sur le devant de la sc\u00e8ne !\",\"publisher\":{\"@id\":\"https:\/\/www.crazy-esport.com\/#organization\"},\"potentialAction\":[{\"@type\":\"SearchAction\",\"target\":{\"@type\":\"EntryPoint\",\"urlTemplate\":\"https:\/\/www.crazy-esport.com\/?s={search_term_string}\"},\"query-input\":{\"@type\":\"PropertyValueSpecification\",\"valueRequired\":true,\"valueName\":\"search_term_string\"}}],\"inLanguage\":\"en-US\"},{\"@type\":\"Organization\",\"@id\":\"https:\/\/www.crazy-esport.com\/#organization\",\"name\":\"Crazy Esport\",\"url\":\"https:\/\/www.crazy-esport.com\/\",\"logo\":{\"@type\":\"ImageObject\",\"inLanguage\":\"en-US\",\"@id\":\"https:\/\/www.crazy-esport.com\/#\/schema\/logo\/image\/\",\"url\":\"https:\/\/www.crazy-esport.com\/wp-content\/uploads\/2022\/09\/20220527_185046-scaled.jpg\",\"contentUrl\":\"https:\/\/www.crazy-esport.com\/wp-content\/uploads\/2022\/09\/20220527_185046-scaled.jpg\",\"width\":2560,\"height\":1920,\"caption\":\"Crazy Esport\"},\"image\":{\"@id\":\"https:\/\/www.crazy-esport.com\/#\/schema\/logo\/image\/\"},\"sameAs\":[\"https:\/\/www.facebook.com\/CRaZYTeamEsport\/\",\"https:\/\/x.com\/CRaZYEsports\"]}]}<\/script>\n<!-- \/ Yoast SEO Premium plugin. -->","yoast_head_json":{"title":"Le Club - Crazy Esport","robots":{"index":"index","follow":"follow","max-snippet":"max-snippet:-1","max-image-preview":"max-image-preview:large","max-video-preview":"max-video-preview:-1"},"canonical":"https:\/\/www.crazy-esport.com\/en\/le-club\/","og_locale":"en_US","og_type":"article","og_title":"Le Club","og_url":"https:\/\/www.crazy-esport.com\/en\/le-club\/","og_site_name":"Crazy Esport","article_publisher":"https:\/\/www.facebook.com\/CRaZYTeamEsport\/","article_modified_time":"2026-01-25T15:59:35+00:00","og_image":[{"width":2560,"height":1608,"url":"https:\/\/www.crazy-esport.com\/wp-content\/uploads\/2022\/09\/crazy-esport-region-bretagne-vivez-esport.jpg","type":"image\/jpeg"}],"twitter_card":"summary_large_image","twitter_site":"@CRaZYEsports","twitter_misc":{"Est. reading time":"8 minutes"},"schema":{"@context":"https:\/\/schema.org","@graph":[{"@type":"WebPage","@id":"https:\/\/www.crazy-esport.com\/le-club\/","url":"https:\/\/www.crazy-esport.com\/le-club\/","name":"Le Club - Crazy Esport","isPartOf":{"@id":"https:\/\/www.crazy-esport.com\/#website"},"datePublished":"2019-10-22T05:16:43+00:00","dateModified":"2026-01-25T15:59:35+00:00","breadcrumb":{"@id":"https:\/\/www.crazy-esport.com\/le-club\/#breadcrumb"},"inLanguage":"en-US","potentialAction":[{"@type":"ReadAction","target":["https:\/\/www.crazy-esport.com\/le-club\/"]}]},{"@type":"BreadcrumbList","@id":"https:\/\/www.crazy-esport.com\/le-club\/#breadcrumb","itemListElement":[{"@type":"ListItem","position":1,"name":"Home","item":"https:\/\/www.crazy-esport.com\/"},{"@type":"ListItem","position":2,"name":"Le Club"}]},{"@type":"WebSite","@id":"https:\/\/www.crazy-esport.com\/#website","url":"https:\/\/www.crazy-esport.com\/","name":"Crazy Esport","description":"La Crazy-esport est une association Fran\u00e7aise connue pour \u00e9volu\u00e9e dans le domaine de l\u2019Esport. Combinant plusieurs disciplines e-sportives, notre association tente de r\u00e9unir les meilleurs joueurs mondiaux pour \u00eatre sur le devant de la sc\u00e8ne !","publisher":{"@id":"https:\/\/www.crazy-esport.com\/#organization"},"potentialAction":[{"@type":"SearchAction","target":{"@type":"EntryPoint","urlTemplate":"https:\/\/www.crazy-esport.com\/?s={search_term_string}"},"query-input":{"@type":"PropertyValueSpecification","valueRequired":true,"valueName":"search_term_string"}}],"inLanguage":"en-US"},{"@type":"Organization","@id":"https:\/\/www.crazy-esport.com\/#organization","name":"Crazy Esport","url":"https:\/\/www.crazy-esport.com\/","logo":{"@type":"ImageObject","inLanguage":"en-US","@id":"https:\/\/www.crazy-esport.com\/#\/schema\/logo\/image\/","url":"https:\/\/www.crazy-esport.com\/wp-content\/uploads\/2022\/09\/20220527_185046-scaled.jpg","contentUrl":"https:\/\/www.crazy-esport.com\/wp-content\/uploads\/2022\/09\/20220527_185046-scaled.jpg","width":2560,"height":1920,"caption":"Crazy Esport"},"image":{"@id":"https:\/\/www.crazy-esport.com\/#\/schema\/logo\/image\/"},"sameAs":["https:\/\/www.facebook.com\/CRaZYTeamEsport\/","https:\/\/x.com\/CRaZYEsports"]}]}},"_links":{"self":[{"href":"https:\/\/www.crazy-esport.com\/en\/wp-json\/wp\/v2\/pages\/148","targetHints":{"allow":["GET"]}}],"collection":[{"href":"https:\/\/www.crazy-esport.com\/en\/wp-json\/wp\/v2\/pages"}],"about":[{"href":"https:\/\/www.crazy-esport.com\/en\/wp-json\/wp\/v2\/types\/page"}],"author":[{"embeddable":true,"href":"https:\/\/www.crazy-esport.com\/en\/wp-json\/wp\/v2\/users\/1"}],"replies":[{"embeddable":true,"href":"https:\/\/www.crazy-esport.com\/en\/wp-json\/wp\/v2\/comments?post=148"}],"version-history":[{"count":1,"href":"https:\/\/www.crazy-esport.com\/en\/wp-json\/wp\/v2\/pages\/148\/revisions"}],"predecessor-version":[{"id":34922,"href":"https:\/\/www.crazy-esport.com\/en\/wp-json\/wp\/v2\/pages\/148\/revisions\/34922"}],"wp:attachment":[{"href":"https:\/\/www.crazy-esport.com\/en\/wp-json\/wp\/v2\/media?parent=148"}],"curies":[{"name":"wp","href":"https:\/\/api.w.org\/{rel}","templated":true}]}}