{"id":33453,"date":"2019-10-22T07:27:47","date_gmt":"2019-10-22T05:27:47","guid":{"rendered":"https:\/\/crazyesport.govic.fr\/?page_id=171"},"modified":"2022-10-28T14:10:11","modified_gmt":"2022-10-28T12:10:11","slug":"videos","status":"publish","type":"page","link":"https:\/\/www.crazy-esport.com\/en\/videos\/","title":{"rendered":"Videos"},"content":{"rendered":"<p><div class=\"fusion-fullwidth fullwidth-box fusion-builder-row-1 fusion-flex-container fusion-parallax-none nonhundred-percent-fullwidth non-hundred-percent-height-scrolling\" style=\"--awb-border-radius-top-left:0px;--awb-border-radius-top-right:0px;--awb-border-radius-bottom-right:0px;--awb-border-radius-bottom-left:0px;--awb-padding-top:6%;--awb-padding-bottom:6%;--awb-background-color:rgba(0,0,0,0.5);--awb-background-image:url(&quot;https:\/\/www.crazy-esport.com\/wp-content\/uploads\/2022\/09\/20220527_110734-scaled.jpg&quot;);--awb-background-size:cover;--awb-flex-wrap:wrap;\" ><div class=\"fusion-builder-row fusion-row fusion-flex-align-items-flex-start fusion-flex-content-wrap\" style=\"max-width:calc( 1140px + 0px );margin-left: calc(-0px \/ 2 );margin-right: calc(-0px \/ 2 );\"><div class=\"fusion-layout-column fusion_builder_column fusion-builder-column-0 fusion_builder_column_1_1 1_1 fusion-flex-column fusion-animated\" style=\"--awb-bg-size:cover;--awb-width-large:100%;--awb-margin-top-large:0px;--awb-spacing-right-large:0px;--awb-margin-bottom-large:0px;--awb-spacing-left-large:0px;--awb-width-medium:100%;--awb-spacing-right-medium:0px;--awb-spacing-left-medium:0px;--awb-width-small:100%;--awb-spacing-right-small:0px;--awb-spacing-left-small:0px;\" data-animationtype=\"fadeInDown\" data-animationduration=\"1.0\" data-animationoffset=\"top-into-view\"><div class=\"fusion-column-wrapper fusion-column-has-shadow fusion-flex-justify-content-flex-start fusion-content-layout-column\"><div class=\"fusion-title title fusion-title-1 fusion-sep-none fusion-title-center fusion-title-text fusion-title-size-one\" style=\"--awb-text-color:#ffffff;--awb-margin-bottom:10px;--awb-margin-bottom-small:10px;--awb-font-size:90px;\"><h1 class=\"fusion-title-heading title-heading-center fusion-responsive-typography-calculated\" style=\"margin:0;font-size:1em;--fontSize:90;line-height:1.1;\">VIDEOS<\/h1><\/div><div class=\"fusion-title title fusion-title-2 fusion-sep-none fusion-title-center fusion-title-text fusion-title-size-two\" style=\"--awb-text-color:#ffffff;--awb-margin-bottom:0px;--awb-margin-bottom-small:0px;--awb-font-size:21px;\"><h2 class=\"fusion-title-heading title-heading-center fusion-responsive-typography-calculated\" style=\"margin:0;font-size:1em;--fontSize:21;--minFontSize:21;line-height:1.5;\">#CRAZY EXPERIENCES<\/h2><\/div><\/div><\/div><\/div><\/div><div class=\"fusion-fullwidth fullwidth-box fusion-builder-row-2 fusion-flex-container nonhundred-percent-fullwidth non-hundred-percent-height-scrolling\" style=\"--awb-border-radius-top-left:0px;--awb-border-radius-top-right:0px;--awb-border-radius-bottom-right:0px;--awb-border-radius-bottom-left:0px;--awb-margin-top:50px;--awb-flex-wrap:wrap;\" ><div class=\"fusion-builder-row fusion-row fusion-flex-align-items-flex-start fusion-flex-content-wrap\" style=\"max-width:1185.6px;margin-left: calc(-4% \/ 2 );margin-right: calc(-4% \/ 2 );\"><div class=\"fusion-layout-column fusion_builder_column fusion-builder-column-1 fusion_builder_column_1_1 1_1 fusion-flex-column\" style=\"--awb-bg-size:cover;--awb-width-large:100%;--awb-margin-top-large:0px;--awb-spacing-right-large:1.92%;--awb-margin-bottom-large:20px;--awb-spacing-left-large:1.92%;--awb-width-medium:100%;--awb-order-medium:0;--awb-spacing-right-medium:1.92%;--awb-spacing-left-medium:1.92%;--awb-width-small:100%;--awb-order-small:0;--awb-spacing-right-small:1.92%;--awb-spacing-left-small:1.92%;\"><div class=\"fusion-column-wrapper fusion-column-has-shadow fusion-flex-justify-content-flex-start fusion-content-layout-column\"><div class=\"fusion-builder-row fusion-builder-row-inner fusion-row fusion-flex-align-items-flex-start fusion-flex-content-wrap\" style=\"width:104% !important;max-width:104% !important;margin-left: calc(-4% \/ 2 );margin-right: calc(-4% \/ 2 );\"><div class=\"fusion-layout-column fusion_builder_column_inner fusion-builder-nested-column-0 fusion_builder_column_inner_4_5 4_5 fusion-flex-column fusion-animated\" style=\"--awb-bg-size:cover;--awb-width-large:80%;--awb-margin-top-large:0px;--awb-spacing-right-large:2.4%;--awb-margin-bottom-large:0px;--awb-spacing-left-large:2.4%;--awb-width-medium:100%;--awb-spacing-right-medium:1.92%;--awb-spacing-left-medium:1.92%;--awb-width-small:100%;--awb-spacing-right-small:1.92%;--awb-spacing-left-small:1.92%;\" data-animationtype=\"fadeInLeft\" data-animationduration=\"1.0\" data-animationoffset=\"top-into-view\"><div class=\"fusion-column-wrapper fusion-column-has-shadow fusion-flex-justify-content-flex-start fusion-content-layout-column\"><div class=\"fusion-title title fusion-title-3 fusion-title-text fusion-title-size-two\" style=\"--awb-text-color:#ec4613;--awb-margin-bottom:0px;--awb-margin-bottom-small:0px;--awb-sep-color:#000000;--awb-font-size:40px;\"><div class=\"title-sep-container title-sep-container-left fusion-no-large-visibility fusion-no-medium-visibility fusion-no-small-visibility\"><div class=\"title-sep sep-single sep-solid\" style=\"border-color:#000000;\"><\/div><\/div><span class=\"awb-title-spacer fusion-no-large-visibility fusion-no-medium-visibility fusion-no-small-visibility\"><\/span><h2 class=\"fusion-title-heading title-heading-left fusion-responsive-typography-calculated\" style=\"margin:0;font-size:1em;--fontSize:40;line-height:1.5;\">CHAINE YOUTUBE CRAZY ESPORT<\/h2><span class=\"awb-title-spacer\"><\/span><div class=\"title-sep-container title-sep-container-right\"><div class=\"title-sep sep-single sep-solid\" style=\"border-color:#000000;\"><\/div><\/div><\/div><\/div><\/div><div class=\"fusion-layout-column fusion_builder_column_inner fusion-builder-nested-column-1 fusion_builder_column_inner_1_5 1_5 fusion-flex-column fusion-animated\" style=\"--awb-bg-size:cover;--awb-width-large:20%;--awb-margin-top-large:0px;--awb-spacing-right-large:9.6%;--awb-margin-bottom-large:0px;--awb-spacing-left-large:9.6%;--awb-width-medium:100%;--awb-spacing-right-medium:1.92%;--awb-spacing-left-medium:1.92%;--awb-width-small:100%;--awb-spacing-right-small:1.92%;--awb-spacing-left-small:1.92%;\" data-animationtype=\"fadeInRight\" data-animationduration=\"1.0\" data-animationoffset=\"top-into-view\"><div class=\"fusion-column-wrapper fusion-column-has-shadow fusion-flex-justify-content-flex-start fusion-content-layout-column\"><div ><a class=\"fusion-button button-flat button-xlarge button-default fusion-button-default button-1 fusion-button-default-span\" target=\"_self\" href=\"https:\/\/www.youtube.com\/channel\/UCAJ0hF3IKLZkP5IG47Ug9Ng\"><span class=\"fusion-button-text awb-button__text awb-button__text--default\">S&#8217;ABONNER<\/span><\/a><\/div><\/div><\/div><\/div><\/div><\/div><\/div><\/div><div class=\"fusion-fullwidth fullwidth-box fusion-builder-row-3 fusion-flex-container nonhundred-percent-fullwidth non-hundred-percent-height-scrolling\" style=\"--awb-border-radius-top-left:0px;--awb-border-radius-top-right:0px;--awb-border-radius-bottom-right:0px;--awb-border-radius-bottom-left:0px;--awb-flex-wrap:wrap;\" ><div class=\"fusion-builder-row fusion-row fusion-flex-align-items-flex-start fusion-flex-content-wrap\" style=\"max-width:1185.6px;margin-left: calc(-4% \/ 2 );margin-right: calc(-4% \/ 2 );\"><div class=\"fusion-layout-column fusion_builder_column fusion-builder-column-2 fusion_builder_column_1_1 1_1 fusion-flex-column\" style=\"--awb-bg-size:cover;--awb-width-large:100%;--awb-margin-top-large:0px;--awb-spacing-right-large:1.92%;--awb-margin-bottom-large:20px;--awb-spacing-left-large:1.92%;--awb-width-medium:100%;--awb-order-medium:0;--awb-spacing-right-medium:1.92%;--awb-spacing-left-medium:1.92%;--awb-width-small:100%;--awb-order-small:0;--awb-spacing-right-small:1.92%;--awb-spacing-left-small:1.92%;\"><div class=\"fusion-column-wrapper fusion-column-has-shadow fusion-flex-justify-content-flex-start fusion-content-layout-column\">\t\t\t<div \n\t\t\tclass=\"yotu-playlist yotuwp yotu-limit-min yotu-player-full  yotu-thumb-169  yotu-template-grid\" \n\t\t\tdata-page=\"1\"\n\t\t\tid=\"yotuwp-69f4ba6dc2901\"\n\t\t\tdata-yotu=\"69f4ba6e89448\"\n\t\t\tdata-total=\"25\"\n\t\t\tdata-settings=\"eyJ0eXBlIjoicGxheWxpc3QiLCJpZCI6IlVVQUowaEYzSUtMWmtQNUlHNDdVZzlOZyIsInBhZ2luYXRpb24iOiJvZmYiLCJwYWdpdHlwZSI6ImxvYWRtb3JlIiwiY29sdW1uIjoiMyIsInBlcl9wYWdlIjoiNiIsInRlbXBsYXRlIjoiZ3JpZCIsInRpdGxlIjoib24iLCJkZXNjcmlwdGlvbiI6Im9mZiIsInRodW1icmF0aW8iOiIxNjkiLCJtZXRhIjoib2ZmIiwibWV0YV9kYXRhIjoib2ZmIiwibWV0YV9wb3NpdGlvbiI6Im9mZiIsImRhdGVfZm9ybWF0Ijoib2ZmIiwibWV0YV9hbGlnbiI6Im9mZiIsInN1YnNjcmliZSI6Im9mZiIsImR1cmF0aW9uIjoib2ZmIiwibWV0YV9pY29uIjoib2ZmIiwibmV4dHRleHQiOiIiLCJwcmV2dGV4dCI6IiIsImxvYWRtb3JldGV4dCI6IiIsInBsYXllciI6eyJtb2RlIjoibGFyZ2UiLCJ3aWR0aCI6IjAiLCJzY3JvbGxpbmciOiIxMDAiLCJhdXRvcGxheSI6MCwiY29udHJvbHMiOjEsIm1vZGVzdGJyYW5kaW5nIjowLCJsb29wIjowLCJhdXRvbmV4dCI6MCwic2hvd2luZm8iOjAsInJlbCI6MCwicGxheWluZyI6MCwicGxheWluZ19kZXNjcmlwdGlvbiI6MCwidGh1bWJuYWlscyI6MCwiY2NfbG9hZF9wb2xpY3kiOiIxIiwiY2NfbGFuZ19wcmVmIjoiMSIsImhsIjoiIiwiaXZfbG9hZF9wb2xpY3kiOiIzIn0sImxhc3RfdGFiIjoicGxheWVyIiwidXNlX2FzX21vZGFsIjoib2ZmIiwibW9kYWxfaWQiOiJvZmYiLCJsYXN0X3VwZGF0ZSI6IjE2NDAxODMxNjYiLCJzdHlsaW5nIjp7InBhZ2VyX2xheW91dCI6ImRlZmF1bHQiLCJidXR0b24iOiIxIiwiYnV0dG9uX2NvbG9yIjoiIiwiYnV0dG9uX2JnX2NvbG9yIjoiIiwiYnV0dG9uX2NvbG9yX2hvdmVyIjoiIiwiYnV0dG9uX2JnX2NvbG9yX2hvdmVyIjoiIiwidmlkZW9fc3R5bGUiOiIiLCJwbGF5aWNvbl9jb2xvciI6IiIsImhvdmVyX2ljb24iOiIiLCJnYWxsZXJ5X2JnIjoiIn0sImVmZmVjdHMiOnsidmlkZW9fYm94IjoiIiwiZmxpcF9lZmZlY3QiOiIifSwiZ2FsbGVyeV9pZCI6IjY5ZjRiYTZkYzI5MDEiLCJuZXh0IjoiRUFBYUhsQlVPa05CV1dsRlJGa3hUVVJCZWxGNlNrZFNhbEV6VVZSVk1sSkVRUSIsInByZXYiOiIifQ==\"\n\t\t\tdata-player=\"large\"\n\t\t\tdata-showdesc=\"off\" >\n\t\t\t\t<div>\n\t\t\t\t\t\t\t\t\t\t<div class=\"yotu-wrapper-player\" style=\"\">\n\t\t\t\t\t\t\t\t\t\t\t\t<div class=\"yotu-player\">\n\t\t\t\t\t\t\t<div class=\"yotu-video-placeholder\" id=\"yotu-player-69f4ba6e89448\"><\/div>\n\t\t\t\t\t\t<\/div>\n\t\t\t\t\t\t<div class=\"yotu-playing-status\"><\/div>\n\t\t\t\t\t\t\t\t\t\t\t<\/div>\n\n\t\t\t\t\t<div class=\"yotu-videos yotu-mode-grid yotu-column-3 yotu-player-mode-large\">\n\t<ul>\n\t\t\t\t\t<li class=\"yotu-first\">\n\t\t\t\t\t\t\t\t<a href=\"#09IieOIST6U\" class=\"yotu-video\" data-videoid=\"09IieOIST6U\" data-title=\"Grande Finale 2vs2 Super Smash Bros Ultimate - Breizh Galaxy Games 2024\" title=\"Grande Finale 2vs2 Super Smash Bros Ultimate - Breizh Galaxy Games 2024\">\n\t\t\t\t\t<div class=\"yotu-video-thumb-wrp\">\n\t\t\t\t\t\t<div>\n\t\t\t\t\t\t\t\t\t\t\t\t\t\t<img decoding=\"async\" class=\"yotu-video-thumb\" src=\"https:\/\/i.ytimg.com\/vi\/09IieOIST6U\/sddefault.jpg\" alt=\"Grande Finale 2vs2 Super Smash Bros Ultimate - Breizh Galaxy Games 2024\">\t\n\t\t\t\t\t\t\t\t\t\t\t\t\t<\/div>\n\t\t\t\t\t<\/div>\n\t\t\t\t\t\t\t\t\t\t\t<h3 class=\"yotu-video-title\">Grande Finale 2vs2 Super Smash Bros Ultimate - Breizh Galaxy Games 2024<\/h3>\n\t\t\t\t\t\t\t\t\t\t\t\t\t\t\t\t\t\t\t<\/a>\n\t\t\t\t\t\t\t<\/li>\n\t\t\t\t\n\t\t\t\t\t\t<li class=\"\">\n\t\t\t\t\t\t\t\t<a href=\"#SgDUwVm6GAs\" class=\"yotu-video\" data-videoid=\"SgDUwVm6GAs\" data-title=\"Grande Finale - Super Smash Bros Ultimate - Breizh Galaxy Games 2024\" title=\"Grande Finale - Super Smash Bros Ultimate - Breizh Galaxy Games 2024\">\n\t\t\t\t\t<div class=\"yotu-video-thumb-wrp\">\n\t\t\t\t\t\t<div>\n\t\t\t\t\t\t\t\t\t\t\t\t\t\t<img decoding=\"async\" class=\"yotu-video-thumb\" src=\"https:\/\/i.ytimg.com\/vi\/SgDUwVm6GAs\/sddefault.jpg\" alt=\"Grande Finale - Super Smash Bros Ultimate - Breizh Galaxy Games 2024\">\t\n\t\t\t\t\t\t\t\t\t\t\t\t\t<\/div>\n\t\t\t\t\t<\/div>\n\t\t\t\t\t\t\t\t\t\t\t<h3 class=\"yotu-video-title\">Grande Finale - Super Smash Bros Ultimate - Breizh Galaxy Games 2024<\/h3>\n\t\t\t\t\t\t\t\t\t\t\t\t\t\t\t\t\t\t\t<\/a>\n\t\t\t\t\t\t\t<\/li>\n\t\t\t\t\n\t\t\t\t\t\t<li class=\"\">\n\t\t\t\t\t\t\t\t<a href=\"#1DsJ3_5CuwM\" class=\"yotu-video\" data-videoid=\"1DsJ3_5CuwM\" data-title=\"ITW Super Akouma \\&quot; R\u00e9pond \u00e0 \u00e7a \\&quot;\" title=\"ITW Super Akouma &quot; R\u00e9pond \u00e0 \u00e7a &quot;\">\n\t\t\t\t\t<div class=\"yotu-video-thumb-wrp\">\n\t\t\t\t\t\t<div>\n\t\t\t\t\t\t\t\t\t\t\t\t\t\t<img decoding=\"async\" class=\"yotu-video-thumb\" src=\"https:\/\/i.ytimg.com\/vi\/1DsJ3_5CuwM\/sddefault.jpg\" alt=\"ITW Super Akouma &quot; R\u00e9pond \u00e0 \u00e7a &quot;\">\t\n\t\t\t\t\t\t\t\t\t\t\t\t\t<\/div>\n\t\t\t\t\t<\/div>\n\t\t\t\t\t\t\t\t\t\t\t<h3 class=\"yotu-video-title\">ITW Super Akouma \" R\u00e9pond \u00e0 \u00e7a \"<\/h3>\n\t\t\t\t\t\t\t\t\t\t\t\t\t\t\t\t\t\t\t<\/a>\n\t\t\t\t\t\t\t<\/li>\n\t\t\t\t\n\t\t\t\t\t\t<li class=\"\">\n\t\t\t\t\t\t\t\t<a href=\"#mhLtqZXfoPo\" class=\"yotu-video\" data-videoid=\"mhLtqZXfoPo\" data-title=\"ITW avec Oro - il n\\&#039;en reste plus qu\\&#039;un\" title=\"ITW avec Oro - il n&#039;en reste plus qu&#039;un\">\n\t\t\t\t\t<div class=\"yotu-video-thumb-wrp\">\n\t\t\t\t\t\t<div>\n\t\t\t\t\t\t\t\t\t\t\t\t\t\t<img decoding=\"async\" class=\"yotu-video-thumb\" src=\"https:\/\/i.ytimg.com\/vi\/mhLtqZXfoPo\/sddefault.jpg\" alt=\"ITW avec Oro - il n&#039;en reste plus qu&#039;un\">\t\n\t\t\t\t\t\t\t\t\t\t\t\t\t<\/div>\n\t\t\t\t\t<\/div>\n\t\t\t\t\t\t\t\t\t\t\t<h3 class=\"yotu-video-title\">ITW avec Oro - il n'en reste plus qu'un<\/h3>\n\t\t\t\t\t\t\t\t\t\t\t\t\t\t\t\t\t\t\t<\/a>\n\t\t\t\t\t\t\t<\/li>\n\t\t\t\t\n\t\t\t\t\t\t<li class=\"\">\n\t\t\t\t\t\t\t\t<a href=\"#7Ns4x6TWtY8\" class=\"yotu-video\" data-videoid=\"7Ns4x6TWtY8\" data-title=\"Interview Hexmark\" title=\"Interview Hexmark\">\n\t\t\t\t\t<div class=\"yotu-video-thumb-wrp\">\n\t\t\t\t\t\t<div>\n\t\t\t\t\t\t\t\t\t\t\t\t\t\t<img decoding=\"async\" class=\"yotu-video-thumb\" src=\"https:\/\/i.ytimg.com\/vi\/7Ns4x6TWtY8\/sddefault.jpg\" alt=\"Interview Hexmark\">\t\n\t\t\t\t\t\t\t\t\t\t\t\t\t<\/div>\n\t\t\t\t\t<\/div>\n\t\t\t\t\t\t\t\t\t\t\t<h3 class=\"yotu-video-title\">Interview Hexmark<\/h3>\n\t\t\t\t\t\t\t\t\t\t\t\t\t\t\t\t\t\t\t<\/a>\n\t\t\t\t\t\t\t<\/li>\n\t\t\t\t\n\t\t\t\t\t\t<li class=\"yotu-last\">\n\t\t\t\t\t\t\t\t<a href=\"#V_AVIcyS0cM\" class=\"yotu-video\" data-videoid=\"V_AVIcyS0cM\" data-title=\"ITW avec Perceval - il n\\&#039;en reste plus qu\\&#039;un\" title=\"ITW avec Perceval - il n&#039;en reste plus qu&#039;un\">\n\t\t\t\t\t<div class=\"yotu-video-thumb-wrp\">\n\t\t\t\t\t\t<div>\n\t\t\t\t\t\t\t\t\t\t\t\t\t\t<img decoding=\"async\" class=\"yotu-video-thumb\" src=\"https:\/\/i.ytimg.com\/vi\/V_AVIcyS0cM\/sddefault.jpg\" alt=\"ITW avec Perceval - il n&#039;en reste plus qu&#039;un\">\t\n\t\t\t\t\t\t\t\t\t\t\t\t\t<\/div>\n\t\t\t\t\t<\/div>\n\t\t\t\t\t\t\t\t\t\t\t<h3 class=\"yotu-video-title\">ITW avec Perceval - il n'en reste plus qu'un<\/h3>\n\t\t\t\t\t\t\t\t\t\t\t\t\t\t\t\t\t\t\t<\/a>\n\t\t\t\t\t\t\t<\/li>\n\t\t\t\t\n\t\t\t\t<\/ul>\n<\/div>\t\t\t\t<\/div>\n\t\t\t<\/div>\n\t\t\t<\/div><\/div><\/div><\/div><\/p>","protected":false},"excerpt":{"rendered":"","protected":false},"author":1,"featured_media":0,"parent":0,"menu_order":0,"comment_status":"closed","ping_status":"closed","template":"100-width.php","meta":{"footnotes":""},"class_list":["post-33453","page","type-page","status-publish","hentry"],"yoast_head":"<!-- This site is optimized with the Yoast SEO Premium plugin v25.5 (Yoast SEO v26.8) - https:\/\/yoast.com\/product\/yoast-seo-premium-wordpress\/ -->\n<title>Videos - Crazy Esport<\/title>\n<meta name=\"robots\" content=\"index, follow, max-snippet:-1, max-image-preview:large, max-video-preview:-1\" \/>\n<link rel=\"canonical\" href=\"https:\/\/www.crazy-esport.com\/en\/videos\/\" \/>\n<meta property=\"og:locale\" content=\"en_US\" \/>\n<meta property=\"og:type\" content=\"article\" \/>\n<meta property=\"og:title\" content=\"Videos\" \/>\n<meta property=\"og:url\" content=\"https:\/\/www.crazy-esport.com\/en\/videos\/\" \/>\n<meta property=\"og:site_name\" content=\"Crazy Esport\" \/>\n<meta property=\"article:publisher\" content=\"https:\/\/www.facebook.com\/CRaZYTeamEsport\/\" \/>\n<meta property=\"article:modified_time\" content=\"2022-10-28T12:10:11+00:00\" \/>\n<meta property=\"og:image\" content=\"https:\/\/www.crazy-esport.com\/wp-content\/uploads\/2022\/09\/crazy-esport-region-bretagne-vivez-esport.jpg\" \/>\n\t<meta property=\"og:image:width\" content=\"2560\" \/>\n\t<meta property=\"og:image:height\" content=\"1608\" \/>\n\t<meta property=\"og:image:type\" content=\"image\/jpeg\" \/>\n<meta name=\"twitter:card\" content=\"summary_large_image\" \/>\n<meta name=\"twitter:site\" content=\"@CRaZYEsports\" \/>\n<meta name=\"twitter:label1\" content=\"Est. reading time\" \/>\n\t<meta name=\"twitter:data1\" content=\"9 minutes\" \/>\n<script type=\"application\/ld+json\" class=\"yoast-schema-graph\">{\"@context\":\"https:\/\/schema.org\",\"@graph\":[{\"@type\":\"WebPage\",\"@id\":\"https:\/\/www.crazy-esport.com\/videos\/\",\"url\":\"https:\/\/www.crazy-esport.com\/videos\/\",\"name\":\"Videos - Crazy Esport\",\"isPartOf\":{\"@id\":\"https:\/\/www.crazy-esport.com\/#website\"},\"datePublished\":\"2019-10-22T05:27:47+00:00\",\"dateModified\":\"2022-10-28T12:10:11+00:00\",\"breadcrumb\":{\"@id\":\"https:\/\/www.crazy-esport.com\/videos\/#breadcrumb\"},\"inLanguage\":\"en-US\",\"potentialAction\":[{\"@type\":\"ReadAction\",\"target\":[\"https:\/\/www.crazy-esport.com\/videos\/\"]}]},{\"@type\":\"BreadcrumbList\",\"@id\":\"https:\/\/www.crazy-esport.com\/videos\/#breadcrumb\",\"itemListElement\":[{\"@type\":\"ListItem\",\"position\":1,\"name\":\"Home\",\"item\":\"https:\/\/www.crazy-esport.com\/\"},{\"@type\":\"ListItem\",\"position\":2,\"name\":\"Videos\"}]},{\"@type\":\"WebSite\",\"@id\":\"https:\/\/www.crazy-esport.com\/#website\",\"url\":\"https:\/\/www.crazy-esport.com\/\",\"name\":\"Crazy Esport\",\"description\":\"La Crazy-esport est une association Fran\u00e7aise connue pour \u00e9volu\u00e9e dans le domaine de l\u2019Esport. Combinant plusieurs disciplines e-sportives, notre association tente de r\u00e9unir les meilleurs joueurs mondiaux pour \u00eatre sur le devant de la sc\u00e8ne !\",\"publisher\":{\"@id\":\"https:\/\/www.crazy-esport.com\/#organization\"},\"potentialAction\":[{\"@type\":\"SearchAction\",\"target\":{\"@type\":\"EntryPoint\",\"urlTemplate\":\"https:\/\/www.crazy-esport.com\/?s={search_term_string}\"},\"query-input\":{\"@type\":\"PropertyValueSpecification\",\"valueRequired\":true,\"valueName\":\"search_term_string\"}}],\"inLanguage\":\"en-US\"},{\"@type\":\"Organization\",\"@id\":\"https:\/\/www.crazy-esport.com\/#organization\",\"name\":\"Crazy Esport\",\"url\":\"https:\/\/www.crazy-esport.com\/\",\"logo\":{\"@type\":\"ImageObject\",\"inLanguage\":\"en-US\",\"@id\":\"https:\/\/www.crazy-esport.com\/#\/schema\/logo\/image\/\",\"url\":\"https:\/\/www.crazy-esport.com\/wp-content\/uploads\/2022\/09\/20220527_185046-scaled.jpg\",\"contentUrl\":\"https:\/\/www.crazy-esport.com\/wp-content\/uploads\/2022\/09\/20220527_185046-scaled.jpg\",\"width\":2560,\"height\":1920,\"caption\":\"Crazy Esport\"},\"image\":{\"@id\":\"https:\/\/www.crazy-esport.com\/#\/schema\/logo\/image\/\"},\"sameAs\":[\"https:\/\/www.facebook.com\/CRaZYTeamEsport\/\",\"https:\/\/x.com\/CRaZYEsports\"]}]}<\/script>\n<!-- \/ Yoast SEO Premium plugin. -->","yoast_head_json":{"title":"Videos - Crazy Esport","robots":{"index":"index","follow":"follow","max-snippet":"max-snippet:-1","max-image-preview":"max-image-preview:large","max-video-preview":"max-video-preview:-1"},"canonical":"https:\/\/www.crazy-esport.com\/en\/videos\/","og_locale":"en_US","og_type":"article","og_title":"Videos","og_url":"https:\/\/www.crazy-esport.com\/en\/videos\/","og_site_name":"Crazy Esport","article_publisher":"https:\/\/www.facebook.com\/CRaZYTeamEsport\/","article_modified_time":"2022-10-28T12:10:11+00:00","og_image":[{"width":2560,"height":1608,"url":"https:\/\/www.crazy-esport.com\/wp-content\/uploads\/2022\/09\/crazy-esport-region-bretagne-vivez-esport.jpg","type":"image\/jpeg"}],"twitter_card":"summary_large_image","twitter_site":"@CRaZYEsports","twitter_misc":{"Est. reading time":"9 minutes"},"schema":{"@context":"https:\/\/schema.org","@graph":[{"@type":"WebPage","@id":"https:\/\/www.crazy-esport.com\/videos\/","url":"https:\/\/www.crazy-esport.com\/videos\/","name":"Videos - Crazy Esport","isPartOf":{"@id":"https:\/\/www.crazy-esport.com\/#website"},"datePublished":"2019-10-22T05:27:47+00:00","dateModified":"2022-10-28T12:10:11+00:00","breadcrumb":{"@id":"https:\/\/www.crazy-esport.com\/videos\/#breadcrumb"},"inLanguage":"en-US","potentialAction":[{"@type":"ReadAction","target":["https:\/\/www.crazy-esport.com\/videos\/"]}]},{"@type":"BreadcrumbList","@id":"https:\/\/www.crazy-esport.com\/videos\/#breadcrumb","itemListElement":[{"@type":"ListItem","position":1,"name":"Home","item":"https:\/\/www.crazy-esport.com\/"},{"@type":"ListItem","position":2,"name":"Videos"}]},{"@type":"WebSite","@id":"https:\/\/www.crazy-esport.com\/#website","url":"https:\/\/www.crazy-esport.com\/","name":"Crazy Esport","description":"La Crazy-esport est une association Fran\u00e7aise connue pour \u00e9volu\u00e9e dans le domaine de l\u2019Esport. Combinant plusieurs disciplines e-sportives, notre association tente de r\u00e9unir les meilleurs joueurs mondiaux pour \u00eatre sur le devant de la sc\u00e8ne !","publisher":{"@id":"https:\/\/www.crazy-esport.com\/#organization"},"potentialAction":[{"@type":"SearchAction","target":{"@type":"EntryPoint","urlTemplate":"https:\/\/www.crazy-esport.com\/?s={search_term_string}"},"query-input":{"@type":"PropertyValueSpecification","valueRequired":true,"valueName":"search_term_string"}}],"inLanguage":"en-US"},{"@type":"Organization","@id":"https:\/\/www.crazy-esport.com\/#organization","name":"Crazy Esport","url":"https:\/\/www.crazy-esport.com\/","logo":{"@type":"ImageObject","inLanguage":"en-US","@id":"https:\/\/www.crazy-esport.com\/#\/schema\/logo\/image\/","url":"https:\/\/www.crazy-esport.com\/wp-content\/uploads\/2022\/09\/20220527_185046-scaled.jpg","contentUrl":"https:\/\/www.crazy-esport.com\/wp-content\/uploads\/2022\/09\/20220527_185046-scaled.jpg","width":2560,"height":1920,"caption":"Crazy Esport"},"image":{"@id":"https:\/\/www.crazy-esport.com\/#\/schema\/logo\/image\/"},"sameAs":["https:\/\/www.facebook.com\/CRaZYTeamEsport\/","https:\/\/x.com\/CRaZYEsports"]}]}},"_links":{"self":[{"href":"https:\/\/www.crazy-esport.com\/en\/wp-json\/wp\/v2\/pages\/33453","targetHints":{"allow":["GET"]}}],"collection":[{"href":"https:\/\/www.crazy-esport.com\/en\/wp-json\/wp\/v2\/pages"}],"about":[{"href":"https:\/\/www.crazy-esport.com\/en\/wp-json\/wp\/v2\/types\/page"}],"author":[{"embeddable":true,"href":"https:\/\/www.crazy-esport.com\/en\/wp-json\/wp\/v2\/users\/1"}],"replies":[{"embeddable":true,"href":"https:\/\/www.crazy-esport.com\/en\/wp-json\/wp\/v2\/comments?post=33453"}],"version-history":[{"count":0,"href":"https:\/\/www.crazy-esport.com\/en\/wp-json\/wp\/v2\/pages\/33453\/revisions"}],"wp:attachment":[{"href":"https:\/\/www.crazy-esport.com\/en\/wp-json\/wp\/v2\/media?parent=33453"}],"curies":[{"name":"wp","href":"https:\/\/api.w.org\/{rel}","templated":true}]}}