{"id":34079,"date":"2022-09-22T15:22:46","date_gmt":"2022-09-22T13:22:46","guid":{"rendered":"https:\/\/crazyesport.govic.fr\/?post_type=product&#038;p=34079"},"modified":"2022-09-22T15:23:21","modified_gmt":"2022-09-22T13:23:21","slug":"maillot-esport-crazy-bretagne","status":"publish","type":"product","link":"https:\/\/www.crazy-esport.com\/en\/product\/maillot-esport-crazy-bretagne\/","title":{"rendered":"Maillot esport Crazy Bretagne"},"content":{"rendered":"<p>Tissu : 100% polyester<\/p>\n<p>Maillot sublim\u00e9 \u00e9cologique et sportif de qualit\u00e9<\/p>\n<p>Absence de substances nocives et canc\u00e9rig\u00e8ne<\/p>\n<p><img decoding=\"async\" src=\"https:\/\/crazy.teampulseshop.com\/themes\/teampulse\/images\/upload\/tp\/oeko-tex_standard_logo_petite_hauteur.png\" alt=\"\" width=\"300\" height=\"91\" \/><\/p>\n<p>Possibilit\u00e9 de rajouter gratuitement un pseudonyme ! Pour se faire, une fois votre commande valid\u00e9e, merci de contacter notre \u00e9quipe equipementier@teampulseapp.fr avec votre r\u00e9f\u00e9rence de commande.<\/p>","protected":false},"excerpt":{"rendered":"<p>Maillot sublim\u00e9 \u00e9cologique et sportif de qualit\u00e9 Possibilit\u00e9 de rajouter gratuitement un pseudonyme !<\/p>","protected":false},"featured_media":34082,"comment_status":"open","ping_status":"closed","template":"","meta":[],"product_brand":[],"product_cat":[180],"product_tag":[],"class_list":{"0":"post-34079","1":"product","2":"type-product","3":"status-publish","4":"has-post-thumbnail","6":"product_cat-non-classe","8":"first","9":"instock","10":"shipping-taxable","11":"purchasable","12":"product-type-simple"},"yoast_head":"<!-- This site is optimized with the Yoast SEO Premium plugin v25.5 (Yoast SEO v26.8) - https:\/\/yoast.com\/product\/yoast-seo-premium-wordpress\/ -->\n<title>Maillot esport Crazy Bretagne - Crazy Esport<\/title>\n<meta name=\"robots\" content=\"index, follow, max-snippet:-1, max-image-preview:large, max-video-preview:-1\" \/>\n<link rel=\"canonical\" href=\"https:\/\/www.crazy-esport.com\/en\/product\/maillot-esport-crazy-bretagne\/\" \/>\n<meta property=\"og:locale\" content=\"en_US\" \/>\n<meta property=\"og:type\" content=\"article\" \/>\n<meta property=\"og:title\" content=\"Maillot esport Crazy Bretagne\" \/>\n<meta property=\"og:description\" content=\"Maillot sublim\u00e9 \u00e9cologique et sportif de qualit\u00e9 Possibilit\u00e9 de rajouter gratuitement un pseudonyme !\" \/>\n<meta property=\"og:url\" content=\"https:\/\/www.crazy-esport.com\/en\/product\/maillot-esport-crazy-bretagne\/\" \/>\n<meta property=\"og:site_name\" content=\"Crazy Esport\" \/>\n<meta property=\"article:publisher\" content=\"https:\/\/www.facebook.com\/CRaZYTeamEsport\/\" \/>\n<meta property=\"article:modified_time\" content=\"2022-09-22T13:23:21+00:00\" \/>\n<meta property=\"og:image\" content=\"https:\/\/www.crazy-esport.com\/wp-content\/uploads\/2022\/09\/MAILLOT_VALIDE_CRAZY_BRETAGNE_face.webp\" \/>\n\t<meta property=\"og:image:width\" content=\"1000\" \/>\n\t<meta property=\"og:image:height\" content=\"1080\" \/>\n\t<meta property=\"og:image:type\" content=\"image\/webp\" \/>\n<meta name=\"twitter:card\" content=\"summary_large_image\" \/>\n<meta name=\"twitter:site\" content=\"@CRaZYEsports\" \/>\n<script type=\"application\/ld+json\" class=\"yoast-schema-graph\">{\"@context\":\"https:\/\/schema.org\",\"@graph\":[{\"@type\":\"WebPage\",\"@id\":\"https:\/\/www.crazy-esport.com\/produit\/maillot-esport-crazy-bretagne\/\",\"url\":\"https:\/\/www.crazy-esport.com\/produit\/maillot-esport-crazy-bretagne\/\",\"name\":\"Maillot esport Crazy Bretagne - Crazy Esport\",\"isPartOf\":{\"@id\":\"https:\/\/www.crazy-esport.com\/#website\"},\"primaryImageOfPage\":{\"@id\":\"https:\/\/www.crazy-esport.com\/produit\/maillot-esport-crazy-bretagne\/#primaryimage\"},\"image\":{\"@id\":\"https:\/\/www.crazy-esport.com\/produit\/maillot-esport-crazy-bretagne\/#primaryimage\"},\"thumbnailUrl\":\"https:\/\/www.crazy-esport.com\/wp-content\/uploads\/2022\/09\/MAILLOT_VALIDE_CRAZY_BRETAGNE_face.webp\",\"datePublished\":\"2022-09-22T13:22:46+00:00\",\"dateModified\":\"2022-09-22T13:23:21+00:00\",\"breadcrumb\":{\"@id\":\"https:\/\/www.crazy-esport.com\/produit\/maillot-esport-crazy-bretagne\/#breadcrumb\"},\"inLanguage\":\"en-US\",\"potentialAction\":[{\"@type\":\"ReadAction\",\"target\":[\"https:\/\/www.crazy-esport.com\/produit\/maillot-esport-crazy-bretagne\/\"]}]},{\"@type\":\"ImageObject\",\"inLanguage\":\"en-US\",\"@id\":\"https:\/\/www.crazy-esport.com\/produit\/maillot-esport-crazy-bretagne\/#primaryimage\",\"url\":\"https:\/\/www.crazy-esport.com\/wp-content\/uploads\/2022\/09\/MAILLOT_VALIDE_CRAZY_BRETAGNE_face.webp\",\"contentUrl\":\"https:\/\/www.crazy-esport.com\/wp-content\/uploads\/2022\/09\/MAILLOT_VALIDE_CRAZY_BRETAGNE_face.webp\",\"width\":1000,\"height\":1080},{\"@type\":\"BreadcrumbList\",\"@id\":\"https:\/\/www.crazy-esport.com\/produit\/maillot-esport-crazy-bretagne\/#breadcrumb\",\"itemListElement\":[{\"@type\":\"ListItem\",\"position\":1,\"name\":\"Home\",\"item\":\"https:\/\/www.crazy-esport.com\/\"},{\"@type\":\"ListItem\",\"position\":2,\"name\":\"Boutique\",\"item\":\"https:\/\/www.crazy-esport.com\/boutique\/\"},{\"@type\":\"ListItem\",\"position\":3,\"name\":\"Maillot esport Crazy Bretagne\"}]},{\"@type\":\"WebSite\",\"@id\":\"https:\/\/www.crazy-esport.com\/#website\",\"url\":\"https:\/\/www.crazy-esport.com\/\",\"name\":\"Crazy Esport\",\"description\":\"La Crazy-esport est une association Fran\u00e7aise connue pour \u00e9volu\u00e9e dans le domaine de l\u2019Esport. Combinant plusieurs disciplines e-sportives, notre association tente de r\u00e9unir les meilleurs joueurs mondiaux pour \u00eatre sur le devant de la sc\u00e8ne !\",\"publisher\":{\"@id\":\"https:\/\/www.crazy-esport.com\/#organization\"},\"potentialAction\":[{\"@type\":\"SearchAction\",\"target\":{\"@type\":\"EntryPoint\",\"urlTemplate\":\"https:\/\/www.crazy-esport.com\/?s={search_term_string}\"},\"query-input\":{\"@type\":\"PropertyValueSpecification\",\"valueRequired\":true,\"valueName\":\"search_term_string\"}}],\"inLanguage\":\"en-US\"},{\"@type\":\"Organization\",\"@id\":\"https:\/\/www.crazy-esport.com\/#organization\",\"name\":\"Crazy Esport\",\"url\":\"https:\/\/www.crazy-esport.com\/\",\"logo\":{\"@type\":\"ImageObject\",\"inLanguage\":\"en-US\",\"@id\":\"https:\/\/www.crazy-esport.com\/#\/schema\/logo\/image\/\",\"url\":\"https:\/\/www.crazy-esport.com\/wp-content\/uploads\/2022\/09\/20220527_185046-scaled.jpg\",\"contentUrl\":\"https:\/\/www.crazy-esport.com\/wp-content\/uploads\/2022\/09\/20220527_185046-scaled.jpg\",\"width\":2560,\"height\":1920,\"caption\":\"Crazy Esport\"},\"image\":{\"@id\":\"https:\/\/www.crazy-esport.com\/#\/schema\/logo\/image\/\"},\"sameAs\":[\"https:\/\/www.facebook.com\/CRaZYTeamEsport\/\",\"https:\/\/x.com\/CRaZYEsports\"]}]}<\/script>\n<!-- \/ Yoast SEO Premium plugin. -->","yoast_head_json":{"title":"Maillot esport Crazy Bretagne - Crazy Esport","robots":{"index":"index","follow":"follow","max-snippet":"max-snippet:-1","max-image-preview":"max-image-preview:large","max-video-preview":"max-video-preview:-1"},"canonical":"https:\/\/www.crazy-esport.com\/en\/product\/maillot-esport-crazy-bretagne\/","og_locale":"en_US","og_type":"article","og_title":"Maillot esport Crazy Bretagne","og_description":"Maillot sublim\u00e9 \u00e9cologique et sportif de qualit\u00e9 Possibilit\u00e9 de rajouter gratuitement un pseudonyme !","og_url":"https:\/\/www.crazy-esport.com\/en\/product\/maillot-esport-crazy-bretagne\/","og_site_name":"Crazy Esport","article_publisher":"https:\/\/www.facebook.com\/CRaZYTeamEsport\/","article_modified_time":"2022-09-22T13:23:21+00:00","og_image":[{"width":1000,"height":1080,"url":"https:\/\/www.crazy-esport.com\/wp-content\/uploads\/2022\/09\/MAILLOT_VALIDE_CRAZY_BRETAGNE_face.webp","type":"image\/webp"}],"twitter_card":"summary_large_image","twitter_site":"@CRaZYEsports","schema":{"@context":"https:\/\/schema.org","@graph":[{"@type":"WebPage","@id":"https:\/\/www.crazy-esport.com\/produit\/maillot-esport-crazy-bretagne\/","url":"https:\/\/www.crazy-esport.com\/produit\/maillot-esport-crazy-bretagne\/","name":"Maillot esport Crazy Bretagne - Crazy Esport","isPartOf":{"@id":"https:\/\/www.crazy-esport.com\/#website"},"primaryImageOfPage":{"@id":"https:\/\/www.crazy-esport.com\/produit\/maillot-esport-crazy-bretagne\/#primaryimage"},"image":{"@id":"https:\/\/www.crazy-esport.com\/produit\/maillot-esport-crazy-bretagne\/#primaryimage"},"thumbnailUrl":"https:\/\/www.crazy-esport.com\/wp-content\/uploads\/2022\/09\/MAILLOT_VALIDE_CRAZY_BRETAGNE_face.webp","datePublished":"2022-09-22T13:22:46+00:00","dateModified":"2022-09-22T13:23:21+00:00","breadcrumb":{"@id":"https:\/\/www.crazy-esport.com\/produit\/maillot-esport-crazy-bretagne\/#breadcrumb"},"inLanguage":"en-US","potentialAction":[{"@type":"ReadAction","target":["https:\/\/www.crazy-esport.com\/produit\/maillot-esport-crazy-bretagne\/"]}]},{"@type":"ImageObject","inLanguage":"en-US","@id":"https:\/\/www.crazy-esport.com\/produit\/maillot-esport-crazy-bretagne\/#primaryimage","url":"https:\/\/www.crazy-esport.com\/wp-content\/uploads\/2022\/09\/MAILLOT_VALIDE_CRAZY_BRETAGNE_face.webp","contentUrl":"https:\/\/www.crazy-esport.com\/wp-content\/uploads\/2022\/09\/MAILLOT_VALIDE_CRAZY_BRETAGNE_face.webp","width":1000,"height":1080},{"@type":"BreadcrumbList","@id":"https:\/\/www.crazy-esport.com\/produit\/maillot-esport-crazy-bretagne\/#breadcrumb","itemListElement":[{"@type":"ListItem","position":1,"name":"Home","item":"https:\/\/www.crazy-esport.com\/"},{"@type":"ListItem","position":2,"name":"Boutique","item":"https:\/\/www.crazy-esport.com\/boutique\/"},{"@type":"ListItem","position":3,"name":"Maillot esport Crazy Bretagne"}]},{"@type":"WebSite","@id":"https:\/\/www.crazy-esport.com\/#website","url":"https:\/\/www.crazy-esport.com\/","name":"Crazy Esport","description":"La Crazy-esport est une association Fran\u00e7aise connue pour \u00e9volu\u00e9e dans le domaine de l\u2019Esport. Combinant plusieurs disciplines e-sportives, notre association tente de r\u00e9unir les meilleurs joueurs mondiaux pour \u00eatre sur le devant de la sc\u00e8ne !","publisher":{"@id":"https:\/\/www.crazy-esport.com\/#organization"},"potentialAction":[{"@type":"SearchAction","target":{"@type":"EntryPoint","urlTemplate":"https:\/\/www.crazy-esport.com\/?s={search_term_string}"},"query-input":{"@type":"PropertyValueSpecification","valueRequired":true,"valueName":"search_term_string"}}],"inLanguage":"en-US"},{"@type":"Organization","@id":"https:\/\/www.crazy-esport.com\/#organization","name":"Crazy Esport","url":"https:\/\/www.crazy-esport.com\/","logo":{"@type":"ImageObject","inLanguage":"en-US","@id":"https:\/\/www.crazy-esport.com\/#\/schema\/logo\/image\/","url":"https:\/\/www.crazy-esport.com\/wp-content\/uploads\/2022\/09\/20220527_185046-scaled.jpg","contentUrl":"https:\/\/www.crazy-esport.com\/wp-content\/uploads\/2022\/09\/20220527_185046-scaled.jpg","width":2560,"height":1920,"caption":"Crazy Esport"},"image":{"@id":"https:\/\/www.crazy-esport.com\/#\/schema\/logo\/image\/"},"sameAs":["https:\/\/www.facebook.com\/CRaZYTeamEsport\/","https:\/\/x.com\/CRaZYEsports"]}]}},"_links":{"self":[{"href":"https:\/\/www.crazy-esport.com\/en\/wp-json\/wp\/v2\/product\/34079","targetHints":{"allow":["GET"]}}],"collection":[{"href":"https:\/\/www.crazy-esport.com\/en\/wp-json\/wp\/v2\/product"}],"about":[{"href":"https:\/\/www.crazy-esport.com\/en\/wp-json\/wp\/v2\/types\/product"}],"replies":[{"embeddable":true,"href":"https:\/\/www.crazy-esport.com\/en\/wp-json\/wp\/v2\/comments?post=34079"}],"wp:featuredmedia":[{"embeddable":true,"href":"https:\/\/www.crazy-esport.com\/en\/wp-json\/wp\/v2\/media\/34082"}],"wp:attachment":[{"href":"https:\/\/www.crazy-esport.com\/en\/wp-json\/wp\/v2\/media?parent=34079"}],"wp:term":[{"taxonomy":"product_brand","embeddable":true,"href":"https:\/\/www.crazy-esport.com\/en\/wp-json\/wp\/v2\/product_brand?post=34079"},{"taxonomy":"product_cat","embeddable":true,"href":"https:\/\/www.crazy-esport.com\/en\/wp-json\/wp\/v2\/product_cat?post=34079"},{"taxonomy":"product_tag","embeddable":true,"href":"https:\/\/www.crazy-esport.com\/en\/wp-json\/wp\/v2\/product_tag?post=34079"}],"curies":[{"name":"wp","href":"https:\/\/api.w.org\/{rel}","templated":true}]}}